{"id":570,"date":"2021-05-19T14:51:22","date_gmt":"2021-05-19T14:51:22","guid":{"rendered":"https:\/\/pellise.com\/ca\/home2\/"},"modified":"2025-07-23T08:00:30","modified_gmt":"2025-07-23T08:00:30","slug":"home2","status":"publish","type":"page","link":"https:\/\/pellise.com\/ca\/","title":{"rendered":"HOME"},"content":{"rendered":"<p><br \/>\nno-repeat;left top;;<br \/>\nauto<\/p>\n<p><img decoding=\"async\" src=\"http:\/\/pellise.com\/wp-content\/uploads\/2021\/05\/main-img10-pellise.jpg\" alt=\"\" \/><\/p>\n<p>Heading + desc<br \/>\nPellis\u00e9 compta amb un equip d\\&#8217;advocats altament especialitzats i amb una traject\u00f2ria contrastada en mat\u00e8ria de dret de la propietat industrial i intel\u00b7lectual (patents, marques, dissenys industrials, drets d\\&#8217;autor), compet\u00e8ncia deslleial, llic\u00e8ncies, distribuci\u00f3, publicitat i de la defensa de la compet\u00e8ncia.<\/p>\n<p>La nostra pr\u00e0ctica en procediments judicials s\u2019ha consolidat gr\u00e0cies a l\u2019\u00e0mplia experi\u00e8ncia acumulada durant m\u00e9s de 60 anys i a l\u2019alt \u00edndex d\u2019\u00e8xit en litigis complexos a Espanya i a l\u2019estranger. Establim relacions duradores amb els nostres clients.<\/p>\n<p>justify<br \/>\nno-repeat;center top;;<br \/>\nauto<br \/>\n0px<\/p>\n<p>STRATEGIC ADVICE<\/p>\n<h2>ASSESSORAMENT ESTRAT\u00c8GIC<\/h2>\n<p><img decoding=\"async\" src=\"https:\/\/pellise.com\/wp-content\/uploads\/2021\/02\/pellise_slider_sep2.png\" alt=\"\" \/><br \/>\ncenter<br \/>\nno-repeat;center top;;<br \/>\nauto<\/p>\n<p><img decoding=\"async\" src=\"http:\/\/pellise.com\/wp-content\/uploads\/2021\/05\/ico-excellence-pellise.png\" alt=\"\" \/><br \/>\n100<br \/>\ncenter<br \/>\n-20<\/p>\n<h4>EXCEL\u00b7L\u00c8NCIA<\/h4>\n<p>center<br \/>\nno-repeat;left top;;<br \/>\nauto<\/p>\n<p><img decoding=\"async\" src=\"http:\/\/pellise.com\/wp-content\/uploads\/2021\/05\/ico-experience-pellise.png\" alt=\"\" \/><br \/>\n100<br \/>\ncenter<br \/>\n-20<\/p>\n<h4>EXPERI\u00c8NCIA<\/h4>\n<p>center<br \/>\nno-repeat;left top;;<br \/>\nauto<br \/>\n0px<\/p>\n<p><img decoding=\"async\" src=\"http:\/\/pellise.com\/wp-content\/uploads\/2021\/05\/ico-commitment-pellise.png\" alt=\"\" \/><br \/>\n100<br \/>\ncenter<br \/>\n-20<\/p>\n<h4>COMPROM\u00cdS<\/h4>\n<p>center<br \/>\nno-repeat;left top;;<br \/>\nauto<br \/>\n0px<\/p>\n<p>languages<br \/>\nParlem angl\u00e8s, f\u00edsica, espanyol, qu\u00edmica, franc\u00e8s, mec\u00e0nica, catal\u00e0, biologia, alemany, inform\u00e0tica i molts altres idiomes.<br \/>\ncenter<br \/>\nno-repeat;center top;;<br \/>\nauto<\/p>\n<p>OUR PROCESSES<\/p>\n<h2>EL NOSTRE PROC\u00c9S<\/h2>\n<p><img decoding=\"async\" src=\"https:\/\/pellise.com\/wp-content\/uploads\/2021\/02\/pellise_slider_sep2.png\" alt=\"\" \/><br \/>\ncenter<br \/>\nno-repeat;center top;;<br \/>\nauto<\/p>\n<h5>PAS 1<\/h5>\n<p>&nbsp;<\/p>\n<h4>DIAGN\u00d2STIC<\/h4>\n<p>\u00c9s un pas essencial per definir un pla d\u2019acci\u00f3 que s\u2019ajusti als interessos i circumst\u00e0ncies de cada cas.<br \/>\ncenter<br \/>\nno-repeat;left top;;<br \/>\nauto<br \/>\n0 10px 0 10px<\/p>\n<h5>PAS 2<\/h5>\n<p>&nbsp;<\/p>\n<h4>ESTRAT\u00c8GIA<\/h4>\n<p>El coneixement i la creativitat del nostre equip ens permeten dissenyar plans d\u2019acci\u00f3 innovadors que maximitzin les possibilitats d\u2019assolir els objectius dels nostres clients.<br \/>\ncenter<br \/>\nno-repeat;left top;;<br \/>\nauto<br \/>\n0 10px 0 10px<\/p>\n<h5>PAS 3<\/h5>\n<p>&nbsp;<\/p>\n<h4>IMPLEMENTACI\u00d3<\/h4>\n<p>PELLIS\u00c9 t\u00e9 una \u00e0mplia experi\u00e8ncia en assumptes contractuals previs a qualsevol conflicte i tamb\u00e9 en assumptes contenciosos, tant judicials com extrajudicials.<br \/>\ncenter<br \/>\nno-repeat;left top;;<br \/>\nauto<br \/>\n0 10px 0 10px<\/p>\n<p>OUR PROCESSES<\/p>\n<h2>EL NOSTRE PROC\u00c9S<\/h2>\n<p><img decoding=\"async\" src=\"https:\/\/pellise.com\/wp-content\/uploads\/2021\/02\/pellise_slider_sep2.png\" alt=\"\" \/><br \/>\ncenter<br \/>\nno-repeat;center top;;<br \/>\nauto<\/p>\n<h5>PAS 1<\/h5>\n<p>&nbsp;<\/p>\n<h4>DIAGN\u00d2STIC<\/h4>\n<p>\u00c9s un pas essencial per definir un pla d\u2019acci\u00f3 que s\u2019ajusti als interessos i circumst\u00e0ncies de cada cas.<\/p>\n<p><img decoding=\"async\" src=\"#\" alt=\"\" \/><br \/>\ncenter<br \/>\nno-repeat;left top;;<br \/>\nauto<br \/>\n0 10px 0 10px<\/p>\n<p><img decoding=\"async\" src=\"http:\/\/pellise.com\/wp-content\/uploads\/2021\/05\/flecha-abajo.png\" alt=\"\" \/><br \/>\n40<br \/>\ncenter<\/p>\n<h5>PAS 2<\/h5>\n<p>&nbsp;<\/p>\n<h4>ESTRAT\u00c8GIA<\/h4>\n<p>El coneixement i la creativitat del nostre equip ens permeten dissenyar plans d\u2019acci\u00f3 innovadors que maximitzin les possibilitats d\u2019assolir els objectius dels nostres clients.<br \/>\ncenter<br \/>\nno-repeat;left top;;<br \/>\nauto<br \/>\n0 10px 0 10px<\/p>\n<p><img decoding=\"async\" src=\"http:\/\/pellise.com\/wp-content\/uploads\/2021\/05\/flecha-abajo.png\" alt=\"\" \/><br \/>\n40<br \/>\ncenter<\/p>\n<h5>PAS 3<\/h5>\n<p>&nbsp;<\/p>\n<h4>IMPLEMENTACI\u00d3<\/h4>\n<p>PELLIS\u00c9 t\u00e9 una \u00e0mplia experi\u00e8ncia en assumptes contractuals previs a qualsevol conflicte i tamb\u00e9 en assumptes contenciosos, tant judicials com extrajudicials.<br \/>\ncenter<br \/>\nno-repeat;left top;;<br \/>\nauto<br \/>\n0 10px 0 10px<\/p>\n<p>RECOGNITION<\/p>\n<h2>RECONEIXEMENT<\/h2>\n<p><img decoding=\"async\" src=\"https:\/\/pellise.com\/wp-content\/uploads\/2021\/02\/pellise_slider_sep2.png\" alt=\"\" \/><br \/>\ncenter<br \/>\nno-repeat;center top;;<br \/>\nauto<\/p>\n<p>home<br \/>\ndate<br \/>\nDESC<\/p>\n<p><a href=\"https:\/\/pellise.com\/ca\/politica-de-privacitat\/\">Pol\u00edtica de Privacitat | <\/a><a href=\"https:\/\/pellise.com\/ca\/politica-de-cookies\/\"><\/p>\n<p>Pol\u00edtica de cookies | <\/a><a href=\"https:\/\/pellise.com\/ca\/avis-legal\/\">Av\u00eds Legal<\/a><\/p>\n<p>\u00a9 2021 Pellis\u00e9. Tots els drets reservats.<br \/>\ncenter<br \/>\nno-repeat;left top;;<br \/>\nauto<\/p>\n","protected":false},"excerpt":{"rendered":"<p>no-repeat;left top;; auto Heading + desc Pellis\u00e9 compta amb un equip d\\&#8217;advocats altament especialitzats i amb una traject\u00f2ria contrastada en mat\u00e8ria de dret de la propietat<span class=\"excerpt-hellip\"> [\u2026]<\/span><\/p>\n","protected":false},"author":1,"featured_media":0,"parent":0,"menu_order":0,"comment_status":"closed","ping_status":"closed","template":"","meta":{"footnotes":""},"class_list":["post-570","page","type-page","status-publish","hentry"],"yoast_head":"<!-- This site is optimized with the Yoast SEO plugin v27.5 - https:\/\/yoast.com\/product\/yoast-seo-wordpress\/ -->\n<title>Pellis\u00e9 | Despatx d\u2019advocats especialitzat en propietat industrial i intel\u00b7lectual<\/title>\n<meta name=\"description\" content=\"Despatx d\u2019advocats experts en propietat intel\u00b7lectual, patents, marques i litigis amb m\u00e9s de 60 anys d\u2019experi\u00e8ncia i \u00e8xit\" \/>\n<meta name=\"robots\" content=\"index, follow, max-snippet:-1, max-image-preview:large, max-video-preview:-1\" \/>\n<link rel=\"canonical\" href=\"https:\/\/pellise.com\/ca\/\" \/>\n<meta property=\"og:locale\" content=\"ca_ES\" \/>\n<meta property=\"og:type\" content=\"article\" \/>\n<meta property=\"og:title\" content=\"Pellis\u00e9 | Despatx d\u2019advocats especialitzat en propietat industrial i intel\u00b7lectual\" \/>\n<meta property=\"og:description\" content=\"Despatx d\u2019advocats experts en propietat intel\u00b7lectual, patents, marques i litigis amb m\u00e9s de 60 anys d\u2019experi\u00e8ncia i \u00e8xit\" \/>\n<meta property=\"og:url\" content=\"https:\/\/pellise.com\/ca\/\" \/>\n<meta property=\"og:site_name\" content=\"Pellis\u00e9\" \/>\n<meta property=\"article:modified_time\" content=\"2025-07-23T08:00:30+00:00\" \/>\n<meta property=\"og:image\" content=\"http:\/\/pellise.com\/wp-content\/uploads\/2021\/05\/main-img10-pellise.jpg\" \/>\n<meta name=\"twitter:card\" content=\"summary_large_image\" \/>\n<meta name=\"twitter:label1\" content=\"Est. reading time\" \/>\n\t<meta name=\"twitter:data1\" content=\"4 minutes\" \/>\n<script type=\"application\/ld+json\" class=\"yoast-schema-graph\">{\"@context\":\"https:\\\/\\\/schema.org\",\"@graph\":[{\"@type\":\"WebPage\",\"@id\":\"https:\\\/\\\/pellise.com\\\/ca\\\/\",\"url\":\"https:\\\/\\\/pellise.com\\\/ca\\\/\",\"name\":\"Pellis\u00e9 | Despatx d\u2019advocats especialitzat en propietat industrial i intel\u00b7lectual\",\"isPartOf\":{\"@id\":\"https:\\\/\\\/pellise.com\\\/#website\"},\"primaryImageOfPage\":{\"@id\":\"https:\\\/\\\/pellise.com\\\/ca\\\/#primaryimage\"},\"image\":{\"@id\":\"https:\\\/\\\/pellise.com\\\/ca\\\/#primaryimage\"},\"thumbnailUrl\":\"http:\\\/\\\/pellise.com\\\/wp-content\\\/uploads\\\/2021\\\/05\\\/main-img10-pellise.jpg\",\"datePublished\":\"2021-05-19T14:51:22+00:00\",\"dateModified\":\"2025-07-23T08:00:30+00:00\",\"description\":\"Despatx d\u2019advocats experts en propietat intel\u00b7lectual, patents, marques i litigis amb m\u00e9s de 60 anys d\u2019experi\u00e8ncia i \u00e8xit\",\"breadcrumb\":{\"@id\":\"https:\\\/\\\/pellise.com\\\/ca\\\/#breadcrumb\"},\"inLanguage\":\"ca\",\"potentialAction\":[{\"@type\":\"ReadAction\",\"target\":[\"https:\\\/\\\/pellise.com\\\/ca\\\/\"]}]},{\"@type\":\"ImageObject\",\"inLanguage\":\"ca\",\"@id\":\"https:\\\/\\\/pellise.com\\\/ca\\\/#primaryimage\",\"url\":\"http:\\\/\\\/pellise.com\\\/wp-content\\\/uploads\\\/2021\\\/05\\\/main-img10-pellise.jpg\",\"contentUrl\":\"http:\\\/\\\/pellise.com\\\/wp-content\\\/uploads\\\/2021\\\/05\\\/main-img10-pellise.jpg\"},{\"@type\":\"BreadcrumbList\",\"@id\":\"https:\\\/\\\/pellise.com\\\/ca\\\/#breadcrumb\",\"itemListElement\":[{\"@type\":\"ListItem\",\"position\":1,\"name\":\"Portada\",\"item\":\"https:\\\/\\\/pellise.com\\\/ca\\\/\"},{\"@type\":\"ListItem\",\"position\":2,\"name\":\"HOME\"}]},{\"@type\":\"WebSite\",\"@id\":\"https:\\\/\\\/pellise.com\\\/#website\",\"url\":\"https:\\\/\\\/pellise.com\\\/\",\"name\":\"Pellis\u00e9\",\"description\":\"Intellectual Property Boutique since 1955\",\"publisher\":{\"@id\":\"https:\\\/\\\/pellise.com\\\/#organization\"},\"potentialAction\":[{\"@type\":\"SearchAction\",\"target\":{\"@type\":\"EntryPoint\",\"urlTemplate\":\"https:\\\/\\\/pellise.com\\\/?s={search_term_string}\"},\"query-input\":{\"@type\":\"PropertyValueSpecification\",\"valueRequired\":true,\"valueName\":\"search_term_string\"}}],\"inLanguage\":\"ca\"},{\"@type\":\"Organization\",\"@id\":\"https:\\\/\\\/pellise.com\\\/#organization\",\"name\":\"Pellis\u00e9\",\"url\":\"https:\\\/\\\/pellise.com\\\/\",\"logo\":{\"@type\":\"ImageObject\",\"inLanguage\":\"ca\",\"@id\":\"https:\\\/\\\/pellise.com\\\/#\\\/schema\\\/logo\\\/image\\\/\",\"url\":\"https:\\\/\\\/jorgealeix.com\\\/pellise\\\/wp-content\\\/uploads\\\/2021\\\/05\\\/logo-Pellise.jpg\",\"contentUrl\":\"https:\\\/\\\/jorgealeix.com\\\/pellise\\\/wp-content\\\/uploads\\\/2021\\\/05\\\/logo-Pellise.jpg\",\"width\":818,\"height\":326,\"caption\":\"Pellis\u00e9\"},\"image\":{\"@id\":\"https:\\\/\\\/pellise.com\\\/#\\\/schema\\\/logo\\\/image\\\/\"}}]}<\/script>\n<!-- \/ Yoast SEO plugin. -->","yoast_head_json":{"title":"Pellis\u00e9 | Despatx d\u2019advocats especialitzat en propietat industrial i intel\u00b7lectual","description":"Despatx d\u2019advocats experts en propietat intel\u00b7lectual, patents, marques i litigis amb m\u00e9s de 60 anys d\u2019experi\u00e8ncia i \u00e8xit","robots":{"index":"index","follow":"follow","max-snippet":"max-snippet:-1","max-image-preview":"max-image-preview:large","max-video-preview":"max-video-preview:-1"},"canonical":"https:\/\/pellise.com\/ca\/","og_locale":"ca_ES","og_type":"article","og_title":"Pellis\u00e9 | Despatx d\u2019advocats especialitzat en propietat industrial i intel\u00b7lectual","og_description":"Despatx d\u2019advocats experts en propietat intel\u00b7lectual, patents, marques i litigis amb m\u00e9s de 60 anys d\u2019experi\u00e8ncia i \u00e8xit","og_url":"https:\/\/pellise.com\/ca\/","og_site_name":"Pellis\u00e9","article_modified_time":"2025-07-23T08:00:30+00:00","og_image":[{"url":"http:\/\/pellise.com\/wp-content\/uploads\/2021\/05\/main-img10-pellise.jpg","type":"","width":"","height":""}],"twitter_card":"summary_large_image","twitter_misc":{"Est. reading time":"4 minutes"},"schema":{"@context":"https:\/\/schema.org","@graph":[{"@type":"WebPage","@id":"https:\/\/pellise.com\/ca\/","url":"https:\/\/pellise.com\/ca\/","name":"Pellis\u00e9 | Despatx d\u2019advocats especialitzat en propietat industrial i intel\u00b7lectual","isPartOf":{"@id":"https:\/\/pellise.com\/#website"},"primaryImageOfPage":{"@id":"https:\/\/pellise.com\/ca\/#primaryimage"},"image":{"@id":"https:\/\/pellise.com\/ca\/#primaryimage"},"thumbnailUrl":"http:\/\/pellise.com\/wp-content\/uploads\/2021\/05\/main-img10-pellise.jpg","datePublished":"2021-05-19T14:51:22+00:00","dateModified":"2025-07-23T08:00:30+00:00","description":"Despatx d\u2019advocats experts en propietat intel\u00b7lectual, patents, marques i litigis amb m\u00e9s de 60 anys d\u2019experi\u00e8ncia i \u00e8xit","breadcrumb":{"@id":"https:\/\/pellise.com\/ca\/#breadcrumb"},"inLanguage":"ca","potentialAction":[{"@type":"ReadAction","target":["https:\/\/pellise.com\/ca\/"]}]},{"@type":"ImageObject","inLanguage":"ca","@id":"https:\/\/pellise.com\/ca\/#primaryimage","url":"http:\/\/pellise.com\/wp-content\/uploads\/2021\/05\/main-img10-pellise.jpg","contentUrl":"http:\/\/pellise.com\/wp-content\/uploads\/2021\/05\/main-img10-pellise.jpg"},{"@type":"BreadcrumbList","@id":"https:\/\/pellise.com\/ca\/#breadcrumb","itemListElement":[{"@type":"ListItem","position":1,"name":"Portada","item":"https:\/\/pellise.com\/ca\/"},{"@type":"ListItem","position":2,"name":"HOME"}]},{"@type":"WebSite","@id":"https:\/\/pellise.com\/#website","url":"https:\/\/pellise.com\/","name":"Pellis\u00e9","description":"Intellectual Property Boutique since 1955","publisher":{"@id":"https:\/\/pellise.com\/#organization"},"potentialAction":[{"@type":"SearchAction","target":{"@type":"EntryPoint","urlTemplate":"https:\/\/pellise.com\/?s={search_term_string}"},"query-input":{"@type":"PropertyValueSpecification","valueRequired":true,"valueName":"search_term_string"}}],"inLanguage":"ca"},{"@type":"Organization","@id":"https:\/\/pellise.com\/#organization","name":"Pellis\u00e9","url":"https:\/\/pellise.com\/","logo":{"@type":"ImageObject","inLanguage":"ca","@id":"https:\/\/pellise.com\/#\/schema\/logo\/image\/","url":"https:\/\/jorgealeix.com\/pellise\/wp-content\/uploads\/2021\/05\/logo-Pellise.jpg","contentUrl":"https:\/\/jorgealeix.com\/pellise\/wp-content\/uploads\/2021\/05\/logo-Pellise.jpg","width":818,"height":326,"caption":"Pellis\u00e9"},"image":{"@id":"https:\/\/pellise.com\/#\/schema\/logo\/image\/"}}]}},"_links":{"self":[{"href":"https:\/\/pellise.com\/ca\/wp-json\/wp\/v2\/pages\/570","targetHints":{"allow":["GET"]}}],"collection":[{"href":"https:\/\/pellise.com\/ca\/wp-json\/wp\/v2\/pages"}],"about":[{"href":"https:\/\/pellise.com\/ca\/wp-json\/wp\/v2\/types\/page"}],"author":[{"embeddable":true,"href":"https:\/\/pellise.com\/ca\/wp-json\/wp\/v2\/users\/1"}],"replies":[{"embeddable":true,"href":"https:\/\/pellise.com\/ca\/wp-json\/wp\/v2\/comments?post=570"}],"version-history":[{"count":5,"href":"https:\/\/pellise.com\/ca\/wp-json\/wp\/v2\/pages\/570\/revisions"}],"predecessor-version":[{"id":961,"href":"https:\/\/pellise.com\/ca\/wp-json\/wp\/v2\/pages\/570\/revisions\/961"}],"wp:attachment":[{"href":"https:\/\/pellise.com\/ca\/wp-json\/wp\/v2\/media?parent=570"}],"curies":[{"name":"wp","href":"https:\/\/api.w.org\/{rel}","templated":true}]}}