{"id":358,"date":"2021-05-19T14:51:22","date_gmt":"2021-05-19T14:51:22","guid":{"rendered":"https:\/\/pellise.com\/es\/home2\/"},"modified":"2025-07-23T07:58:11","modified_gmt":"2025-07-23T07:58:11","slug":"home2","status":"publish","type":"page","link":"https:\/\/pellise.com\/es\/","title":{"rendered":"HOME"},"content":{"rendered":"<p><br \/>\nno-repeat;left top;;<br \/>\nauto<\/p>\n<p><img decoding=\"async\" src=\"http:\/\/pellise.com\/wp-content\/uploads\/2021\/05\/main-img10-pellise.jpg\" alt=\"\" \/><\/p>\n<p>Heading + desc<br \/>\nPellis\u00e9 cuenta con un equipo de abogados altamente especializados y con una trayectoria contrastada en materia de derecho de la propiedad industrial e intelectual (patentes, marcas, dise\u00f1os industriales, derechos de autor), competencia desleal, licencias, distribuci\u00f3n, publicidad y de la defensa de la competencia.<\/p>\n<p>Nuestra pr\u00e1ctica en procedimientos judiciales se ha consolidado gracias a la amplia experiencia acumulada durante m\u00e1s de 60 a\u00f1os y al alto \u00edndice de \u00e9xito en litigios complejos en Espa\u00f1a y en el extranjero. Entablamos relaciones duraderas con nuestros clientes.<\/p>\n<p>justify<br \/>\nno-repeat;center top;;<br \/>\nauto<br \/>\n0px<\/p>\n<p>STRATEGIC ADVICE<\/p>\n<h2>ASESORAMIENTO ESTRAT\u00c9GICO<\/h2>\n<p><img decoding=\"async\" src=\"https:\/\/pellise.com\/wp-content\/uploads\/2021\/02\/pellise_slider_sep2.png\" alt=\"\" \/><br \/>\ncenter<br \/>\nno-repeat;center top;;<br \/>\nauto<\/p>\n<p><img decoding=\"async\" src=\"http:\/\/pellise.com\/wp-content\/uploads\/2021\/05\/ico-excellence-pellise.png\" alt=\"\" \/><br \/>\n100<br \/>\ncenter<br \/>\n-20<\/p>\n<h4>EXCELENCIA<\/h4>\n<p>center<br \/>\nno-repeat;left top;;<br \/>\nauto<\/p>\n<p><img decoding=\"async\" src=\"http:\/\/pellise.com\/wp-content\/uploads\/2021\/05\/ico-experience-pellise.png\" alt=\"\" \/><br \/>\n100<br \/>\ncenter<br \/>\n-20<\/p>\n<h4>EXPERIENCIA<\/h4>\n<p>center<br \/>\nno-repeat;left top;;<br \/>\nauto<br \/>\n0px<\/p>\n<p><img decoding=\"async\" src=\"http:\/\/pellise.com\/wp-content\/uploads\/2021\/05\/ico-commitment-pellise.png\" alt=\"\" \/><br \/>\n100<br \/>\ncenter<br \/>\n-20<\/p>\n<h4>COMPROMISO<\/h4>\n<p>center<br \/>\nno-repeat;left top;;<br \/>\nauto<br \/>\n0px<\/p>\n<p>languages<br \/>\nHablamos ingl\u00e9s, f\u00edsica, espa\u00f1ol, qu\u00edmica, franc\u00e9s, mec\u00e1nica, catal\u00e1n, biolog\u00eda, alem\u00e1n, inform\u00e1tica y muchos otros idiomas.<br \/>\ncenter<br \/>\nno-repeat;center top;;<br \/>\nauto<\/p>\n<p>OUR PROCESSES<\/p>\n<h2>NUESTRO PROCESO<\/h2>\n<p><img decoding=\"async\" src=\"https:\/\/pellise.com\/wp-content\/uploads\/2021\/02\/pellise_slider_sep2.png\" alt=\"\" \/><br \/>\ncenter<br \/>\nno-repeat;center top;;<br \/>\nauto<\/p>\n<h5>PASO 1<\/h5>\n<p>&nbsp;<\/p>\n<h4>DIAGN\u00d3STICO<\/h4>\n<p>Es un paso esencial para definir un plan de acci\u00f3n que se ajuste a los intereses y circunstancias de cada caso.<br \/>\ncenter<br \/>\nno-repeat;left top;;<br \/>\nauto<br \/>\n0 10px 0 10px<\/p>\n<h5>PASO 2<\/h5>\n<p>&nbsp;<\/p>\n<h4>ESTRATEGIA<\/h4>\n<p>El conocimiento y la creatividad de nuestro equipo nos permiten dise\u00f1ar planes de acci\u00f3n innovadores que maximicen las posibilidades de alcanzar los objetivos de nuestros clientes.<br \/>\ncenter<br \/>\nno-repeat;left top;;<br \/>\nauto<br \/>\n0 10px 0 10px<\/p>\n<h5>PASO 3<\/h5>\n<p>&nbsp;<\/p>\n<h4>IMPLEMENTACI\u00d3N<\/h4>\n<p>PELLIS\u00c9 tiene una amplia experiencia en asuntos contractuales previo a cualquier conflicto y tambi\u00e9n en asuntos contenciosos, tanto judiciales como extrajudiciales.<br \/>\ncenter<br \/>\nno-repeat;left top;;<br \/>\nauto<br \/>\n0 10px 0 10px<\/p>\n<p>NUESTRO PROCESO<\/p>\n<h2>NUESTRO PROCESO<\/h2>\n<p><img decoding=\"async\" src=\"https:\/\/jorgealeix.com\/pellise\/wp-content\/uploads\/2021\/02\/pellise_slider_sep2.png\" alt=\"\" \/><br \/>\ncenter<br \/>\nno-repeat;center top;;<br \/>\nauto<\/p>\n<h5>PASO 1<\/h5>\n<p>&nbsp;<\/p>\n<h4>DIAGN\u00d3STICO<\/h4>\n<p>Es un paso esencial para definir un plan de acci\u00f3n que se ajuste a los intereses y circunstancias de cada caso.<\/p>\n<p><img decoding=\"async\" src=\"#\" alt=\"\" \/><br \/>\ncenter<br \/>\nno-repeat;left top;;<br \/>\nauto<br \/>\n0 10px 0 10px<\/p>\n<p><img decoding=\"async\" src=\"http:\/\/pellise.com\/wp-content\/uploads\/2021\/05\/flecha-abajo.png\" alt=\"\" \/><br \/>\n40<br \/>\ncenter<\/p>\n<h5>PASO 2<\/h5>\n<p>&nbsp;<\/p>\n<h4>ESTRATEGIA<\/h4>\n<p>El conocimiento y la creatividad de nuestro equipo nos permiten dise\u00f1ar planes de acci\u00f3n innovadores que maximicen las posibilidades de alcanzar los objetivos de nuestros clientes.<br \/>\ncenter<br \/>\nno-repeat;left top;;<br \/>\nauto<br \/>\n0 10px 0 10px<\/p>\n<p><img decoding=\"async\" src=\"http:\/\/pellise.com\/wp-content\/uploads\/2021\/05\/flecha-abajo.png\" alt=\"\" \/><br \/>\n40<br \/>\ncenter<\/p>\n<h5>PASO 3<\/h5>\n<p>&nbsp;<\/p>\n<h4>IMPLEMENTACI\u00d3N<\/h4>\n<p>PELLIS\u00c9 tiene una amplia experiencia en asuntos contractuales previo a cualquier conflicto y tambi\u00e9n en asuntos contenciosos, tanto judiciales como extrajudiciales.<br \/>\ncenter<br \/>\nno-repeat;left top;;<br \/>\nauto<br \/>\n0 10px 0 10px<\/p>\n<p>RECONOCIMIENTO<\/p>\n<h2>RECONOCIMIENTO<\/h2>\n<p><img decoding=\"async\" src=\"https:\/\/pellise.com\/wp-content\/uploads\/2021\/02\/pellise_slider_sep2.png\" alt=\"\" \/><br \/>\ncenter<br \/>\nno-repeat;center top;;<br \/>\nauto<\/p>\n<p>home<br \/>\ndate<br \/>\nDESC<\/p>\n<p><a href=\"https:\/\/pellise.com\/politica-privacidad\/\">Pol\u00edtica de Privacidad | <\/a><\/p>\n<p>Pol\u00edtica de Cookies | <a href=\"https:\/\/pellise.com\/aviso-legal\">Aviso Legal<\/a><\/p>\n<p>\u00a9 2021 Pellis\u00e9. Todos los derechos reservados.<br \/>\ncenter<br \/>\nno-repeat;left top;;<br \/>\nauto<\/p>\n","protected":false},"excerpt":{"rendered":"<p>no-repeat;left top;; auto Heading + desc Pellis\u00e9 cuenta con un equipo de abogados altamente especializados y con una trayectoria contrastada en materia de derecho de la<span class=\"excerpt-hellip\"> [\u2026]<\/span><\/p>\n","protected":false},"author":1,"featured_media":0,"parent":0,"menu_order":0,"comment_status":"closed","ping_status":"closed","template":"","meta":{"footnotes":""},"class_list":["post-358","page","type-page","status-publish","hentry"],"yoast_head":"<!-- This site is optimized with the Yoast SEO plugin v27.4 - https:\/\/yoast.com\/product\/yoast-seo-wordpress\/ -->\n<title>Pellis\u00e9 | Despacho de abogados especializado en propiedad industrial e intelectual<\/title>\n<meta name=\"description\" content=\"Despacho de abogados expertos en propiedad intelectual, patentes, marcas y litigios con m\u00e1s de 60 a\u00f1os de experiencia y \u00e9xito\" \/>\n<meta name=\"robots\" content=\"index, follow, max-snippet:-1, max-image-preview:large, max-video-preview:-1\" \/>\n<link rel=\"canonical\" href=\"https:\/\/pellise.com\/es\/\" \/>\n<meta property=\"og:locale\" content=\"es_ES\" \/>\n<meta property=\"og:type\" content=\"article\" \/>\n<meta property=\"og:title\" content=\"Pellis\u00e9 | Despacho de abogados especializado en propiedad industrial e intelectual\" \/>\n<meta property=\"og:description\" content=\"Despacho de abogados expertos en propiedad intelectual, patentes, marcas y litigios con m\u00e1s de 60 a\u00f1os de experiencia y \u00e9xito\" \/>\n<meta property=\"og:url\" content=\"https:\/\/pellise.com\/es\/\" \/>\n<meta property=\"og:site_name\" content=\"Pellis\u00e9\" \/>\n<meta property=\"article:modified_time\" content=\"2025-07-23T07:58:11+00:00\" \/>\n<meta property=\"og:image\" content=\"http:\/\/pellise.com\/wp-content\/uploads\/2021\/05\/main-img10-pellise.jpg\" \/>\n<meta name=\"twitter:card\" content=\"summary_large_image\" \/>\n<meta name=\"twitter:label1\" content=\"Tiempo de lectura\" \/>\n\t<meta name=\"twitter:data1\" content=\"4 minutos\" \/>\n<script type=\"application\/ld+json\" class=\"yoast-schema-graph\">{\"@context\":\"https:\\\/\\\/schema.org\",\"@graph\":[{\"@type\":\"WebPage\",\"@id\":\"https:\\\/\\\/pellise.com\\\/es\\\/\",\"url\":\"https:\\\/\\\/pellise.com\\\/es\\\/\",\"name\":\"Pellis\u00e9 | Despacho de abogados especializado en propiedad industrial e intelectual\",\"isPartOf\":{\"@id\":\"https:\\\/\\\/pellise.com\\\/#website\"},\"primaryImageOfPage\":{\"@id\":\"https:\\\/\\\/pellise.com\\\/es\\\/#primaryimage\"},\"image\":{\"@id\":\"https:\\\/\\\/pellise.com\\\/es\\\/#primaryimage\"},\"thumbnailUrl\":\"http:\\\/\\\/pellise.com\\\/wp-content\\\/uploads\\\/2021\\\/05\\\/main-img10-pellise.jpg\",\"datePublished\":\"2021-05-19T14:51:22+00:00\",\"dateModified\":\"2025-07-23T07:58:11+00:00\",\"description\":\"Despacho de abogados expertos en propiedad intelectual, patentes, marcas y litigios con m\u00e1s de 60 a\u00f1os de experiencia y \u00e9xito\",\"breadcrumb\":{\"@id\":\"https:\\\/\\\/pellise.com\\\/es\\\/#breadcrumb\"},\"inLanguage\":\"es\",\"potentialAction\":[{\"@type\":\"ReadAction\",\"target\":[\"https:\\\/\\\/pellise.com\\\/es\\\/\"]}]},{\"@type\":\"ImageObject\",\"inLanguage\":\"es\",\"@id\":\"https:\\\/\\\/pellise.com\\\/es\\\/#primaryimage\",\"url\":\"http:\\\/\\\/pellise.com\\\/wp-content\\\/uploads\\\/2021\\\/05\\\/main-img10-pellise.jpg\",\"contentUrl\":\"http:\\\/\\\/pellise.com\\\/wp-content\\\/uploads\\\/2021\\\/05\\\/main-img10-pellise.jpg\"},{\"@type\":\"BreadcrumbList\",\"@id\":\"https:\\\/\\\/pellise.com\\\/es\\\/#breadcrumb\",\"itemListElement\":[{\"@type\":\"ListItem\",\"position\":1,\"name\":\"Portada\",\"item\":\"https:\\\/\\\/pellise.com\\\/es\\\/\"},{\"@type\":\"ListItem\",\"position\":2,\"name\":\"HOME\"}]},{\"@type\":\"WebSite\",\"@id\":\"https:\\\/\\\/pellise.com\\\/#website\",\"url\":\"https:\\\/\\\/pellise.com\\\/\",\"name\":\"Pellis\u00e9\",\"description\":\"Intellectual Property Boutique since 1955\",\"publisher\":{\"@id\":\"https:\\\/\\\/pellise.com\\\/#organization\"},\"potentialAction\":[{\"@type\":\"SearchAction\",\"target\":{\"@type\":\"EntryPoint\",\"urlTemplate\":\"https:\\\/\\\/pellise.com\\\/?s={search_term_string}\"},\"query-input\":{\"@type\":\"PropertyValueSpecification\",\"valueRequired\":true,\"valueName\":\"search_term_string\"}}],\"inLanguage\":\"es\"},{\"@type\":\"Organization\",\"@id\":\"https:\\\/\\\/pellise.com\\\/#organization\",\"name\":\"Pellis\u00e9\",\"url\":\"https:\\\/\\\/pellise.com\\\/\",\"logo\":{\"@type\":\"ImageObject\",\"inLanguage\":\"es\",\"@id\":\"https:\\\/\\\/pellise.com\\\/#\\\/schema\\\/logo\\\/image\\\/\",\"url\":\"https:\\\/\\\/jorgealeix.com\\\/pellise\\\/wp-content\\\/uploads\\\/2021\\\/05\\\/logo-Pellise.jpg\",\"contentUrl\":\"https:\\\/\\\/jorgealeix.com\\\/pellise\\\/wp-content\\\/uploads\\\/2021\\\/05\\\/logo-Pellise.jpg\",\"width\":818,\"height\":326,\"caption\":\"Pellis\u00e9\"},\"image\":{\"@id\":\"https:\\\/\\\/pellise.com\\\/#\\\/schema\\\/logo\\\/image\\\/\"}}]}<\/script>\n<!-- \/ Yoast SEO plugin. -->","yoast_head_json":{"title":"Pellis\u00e9 | Despacho de abogados especializado en propiedad industrial e intelectual","description":"Despacho de abogados expertos en propiedad intelectual, patentes, marcas y litigios con m\u00e1s de 60 a\u00f1os de experiencia y \u00e9xito","robots":{"index":"index","follow":"follow","max-snippet":"max-snippet:-1","max-image-preview":"max-image-preview:large","max-video-preview":"max-video-preview:-1"},"canonical":"https:\/\/pellise.com\/es\/","og_locale":"es_ES","og_type":"article","og_title":"Pellis\u00e9 | Despacho de abogados especializado en propiedad industrial e intelectual","og_description":"Despacho de abogados expertos en propiedad intelectual, patentes, marcas y litigios con m\u00e1s de 60 a\u00f1os de experiencia y \u00e9xito","og_url":"https:\/\/pellise.com\/es\/","og_site_name":"Pellis\u00e9","article_modified_time":"2025-07-23T07:58:11+00:00","og_image":[{"url":"http:\/\/pellise.com\/wp-content\/uploads\/2021\/05\/main-img10-pellise.jpg","type":"","width":"","height":""}],"twitter_card":"summary_large_image","twitter_misc":{"Tiempo de lectura":"4 minutos"},"schema":{"@context":"https:\/\/schema.org","@graph":[{"@type":"WebPage","@id":"https:\/\/pellise.com\/es\/","url":"https:\/\/pellise.com\/es\/","name":"Pellis\u00e9 | Despacho de abogados especializado en propiedad industrial e intelectual","isPartOf":{"@id":"https:\/\/pellise.com\/#website"},"primaryImageOfPage":{"@id":"https:\/\/pellise.com\/es\/#primaryimage"},"image":{"@id":"https:\/\/pellise.com\/es\/#primaryimage"},"thumbnailUrl":"http:\/\/pellise.com\/wp-content\/uploads\/2021\/05\/main-img10-pellise.jpg","datePublished":"2021-05-19T14:51:22+00:00","dateModified":"2025-07-23T07:58:11+00:00","description":"Despacho de abogados expertos en propiedad intelectual, patentes, marcas y litigios con m\u00e1s de 60 a\u00f1os de experiencia y \u00e9xito","breadcrumb":{"@id":"https:\/\/pellise.com\/es\/#breadcrumb"},"inLanguage":"es","potentialAction":[{"@type":"ReadAction","target":["https:\/\/pellise.com\/es\/"]}]},{"@type":"ImageObject","inLanguage":"es","@id":"https:\/\/pellise.com\/es\/#primaryimage","url":"http:\/\/pellise.com\/wp-content\/uploads\/2021\/05\/main-img10-pellise.jpg","contentUrl":"http:\/\/pellise.com\/wp-content\/uploads\/2021\/05\/main-img10-pellise.jpg"},{"@type":"BreadcrumbList","@id":"https:\/\/pellise.com\/es\/#breadcrumb","itemListElement":[{"@type":"ListItem","position":1,"name":"Portada","item":"https:\/\/pellise.com\/es\/"},{"@type":"ListItem","position":2,"name":"HOME"}]},{"@type":"WebSite","@id":"https:\/\/pellise.com\/#website","url":"https:\/\/pellise.com\/","name":"Pellis\u00e9","description":"Intellectual Property Boutique since 1955","publisher":{"@id":"https:\/\/pellise.com\/#organization"},"potentialAction":[{"@type":"SearchAction","target":{"@type":"EntryPoint","urlTemplate":"https:\/\/pellise.com\/?s={search_term_string}"},"query-input":{"@type":"PropertyValueSpecification","valueRequired":true,"valueName":"search_term_string"}}],"inLanguage":"es"},{"@type":"Organization","@id":"https:\/\/pellise.com\/#organization","name":"Pellis\u00e9","url":"https:\/\/pellise.com\/","logo":{"@type":"ImageObject","inLanguage":"es","@id":"https:\/\/pellise.com\/#\/schema\/logo\/image\/","url":"https:\/\/jorgealeix.com\/pellise\/wp-content\/uploads\/2021\/05\/logo-Pellise.jpg","contentUrl":"https:\/\/jorgealeix.com\/pellise\/wp-content\/uploads\/2021\/05\/logo-Pellise.jpg","width":818,"height":326,"caption":"Pellis\u00e9"},"image":{"@id":"https:\/\/pellise.com\/#\/schema\/logo\/image\/"}}]}},"_links":{"self":[{"href":"https:\/\/pellise.com\/es\/wp-json\/wp\/v2\/pages\/358","targetHints":{"allow":["GET"]}}],"collection":[{"href":"https:\/\/pellise.com\/es\/wp-json\/wp\/v2\/pages"}],"about":[{"href":"https:\/\/pellise.com\/es\/wp-json\/wp\/v2\/types\/page"}],"author":[{"embeddable":true,"href":"https:\/\/pellise.com\/es\/wp-json\/wp\/v2\/users\/1"}],"replies":[{"embeddable":true,"href":"https:\/\/pellise.com\/es\/wp-json\/wp\/v2\/comments?post=358"}],"version-history":[{"count":5,"href":"https:\/\/pellise.com\/es\/wp-json\/wp\/v2\/pages\/358\/revisions"}],"predecessor-version":[{"id":960,"href":"https:\/\/pellise.com\/es\/wp-json\/wp\/v2\/pages\/358\/revisions\/960"}],"wp:attachment":[{"href":"https:\/\/pellise.com\/es\/wp-json\/wp\/v2\/media?parent=358"}],"curies":[{"name":"wp","href":"https:\/\/api.w.org\/{rel}","templated":true}]}}