{"id":573,"date":"2021-05-19T14:51:22","date_gmt":"2021-05-19T14:51:22","guid":{"rendered":"https:\/\/pellise.com\/fr\/home2\/"},"modified":"2021-05-28T09:51:27","modified_gmt":"2021-05-28T09:51:27","slug":"home2","status":"publish","type":"page","link":"https:\/\/pellise.com\/fr\/","title":{"rendered":"HOME"},"content":{"rendered":"<p><br \/>no-repeat;left top;;<br \/>auto<\/p>\n<p><img decoding=\"async\" src=\"http:\/\/pellise.com\/wp-content\/uploads\/2021\/05\/main-img10-pellise.jpg\" alt=\"\" \/><\/p>\n<p>Heading + desc<br \/>Pellis\u00e9 dispose d\\&#8217;une \u00e9quipe d\\&#8217;avocats hautement sp\u00e9cialis\u00e9s ayant fait leurs preuves en mati\u00e8re de droit de la propri\u00e9t\u00e9 intellectuelle (brevets, marques, dessins industriels, droits d\\&#8217;auteur), concurrence d\u00e9loyale, distribution, licences, publicit\u00e9 et de la concurrence.<\/p>\n<p>Notre pratique contentieuse est devenue solide gr\u00e2ce \u00e0 la grande exp\u00e9rience accumul\u00e9e pendant plus de 60 ans et au taux de r\u00e9ussite \u00e9lev\u00e9 dans des proc\u00e9dures contentieuses complexes en Espagne et \u00e0 l\\&#8217;\u00e9tranger. Nous \u00e9tablissons des relations durables avec nos clients. <\/p>\n<p>justify<br \/>no-repeat;center top;;<br \/>auto<br \/>0px<\/p>\n<p>STRATEGIC ADVICE<\/p>\n<h2>CONSEIL STRAT\u00c9GIQUE<\/h2>\n<p><img decoding=\"async\" src=\"https:\/\/pellise.com\/wp-content\/uploads\/2021\/02\/pellise_slider_sep2.png\" alt=\"\" \/><br \/>center<br \/>no-repeat;center top;;<br \/>auto<\/p>\n<p><img decoding=\"async\" src=\"http:\/\/pellise.com\/wp-content\/uploads\/2021\/05\/ico-excellence-pellise.png\" alt=\"\" \/><br \/>100<br \/>center<br \/>-20<\/p>\n<h4>EXCELLENCE<\/h4>\n<p>center<br \/>no-repeat;left top;;<br \/>auto<\/p>\n<p><img decoding=\"async\" src=\"http:\/\/pellise.com\/wp-content\/uploads\/2021\/05\/ico-experience-pellise.png\" alt=\"\" \/><br \/>100<br \/>center<br \/>-20<\/p>\n<h4>EXP\u00c9RIENCE<\/h4>\n<p>center<br \/>no-repeat;left top;;<br \/>auto<br \/>0px<\/p>\n<p><img decoding=\"async\" src=\"http:\/\/pellise.com\/wp-content\/uploads\/2021\/05\/ico-commitment-pellise.png\" alt=\"\" \/><br \/>100<br \/>center<br \/>-20<\/p>\n<h4>ENGAGEMENT<br \/>\n<br \/><\/h4>\n<p>center<br \/>no-repeat;left top;;<br \/>auto<br \/>0px<\/p>\n<p>languages<br \/>Nous parlons anglais, physique, espagnol, chimie, fran\u00e7ais, m\u00e9canique, catalan, biologie, allemand, informatique et bien d\\&#8217;autres langues.<br \/>center<br \/>no-repeat;center top;;<br \/>auto<\/p>\n<p>OUR PROCESSES<\/p>\n<h2>OUR PROCESS<\/h2>\n<p><img decoding=\"async\" src=\"https:\/\/pellise.com\/wp-content\/uploads\/2021\/02\/pellise_slider_sep2.png\" alt=\"\" \/><br \/>center<br \/>no-repeat;center top;;<br \/>auto<\/p>\n<h5>\u00c9TAPE 1 <\/h5>\n<p><\/p>\n<h4>DIAGNOSTIC <\/h4>\n<p>C\\&#8217;est une \u00e9tape essentielle pour d\u00e9finir un plan d\\&#8217;action adapt\u00e9 aux int\u00e9r\u00eats et aux circonstances dans chaque cas. <br \/>center<br \/>no-repeat;left top;;<br \/>auto<br \/>0 10px 0 10px<\/p>\n<h5>\u00c9TAPE 2<\/h5>\n<p><\/p>\n<h4>STRAT\u00c9GIE <\/h4>\n<p>Les connaissances et la cr\u00e9ativit\u00e9 de notre \u00e9quipe nous permettent de concevoir des plans d\u2019actions innovants qui maximisent les chances d\\&#8217;atteindre les objectifs de nos clients.<br \/>center<br \/>no-repeat;left top;;<br \/>auto<br \/>0 10px 0 10px<\/p>\n<h5>\u00c9TAPE 3<\/h5>\n<p><\/p>\n<h4>MISE EN \u0152UVRE<\/h4>\n<p>PELLIS\u00c9 a une grande exp\u00e9rience dans des questions contractuelles avant de tout conflit ainsi que des questions contentieuses, tant au niveau judiciaire qu\\&#8217;extrajudiciaire.<\/p>\n<p>center<br \/>no-repeat;left top;;<br \/>auto<br \/>0 10px 0 10px<\/p>\n<p>OUR PROCESSES<\/p>\n<h2>OUR PROCESS<\/h2>\n<p><img decoding=\"async\" src=\"https:\/\/pellise.com\/wp-content\/uploads\/2021\/02\/pellise_slider_sep2.png\" alt=\"\" \/><br \/>center<br \/>no-repeat;center top;;<br \/>auto<\/p>\n<h5>\u00c9TAPE 1 <\/h5>\n<p><\/p>\n<h4>DIAGNOSTIC<\/h4>\n<p>C\\&#8217;est une \u00e9tape essentielle pour d\u00e9finir un plan d\\&#8217;action adapt\u00e9 aux int\u00e9r\u00eats et aux circonstances dans chaque cas.<br \/>\n<br \/><img decoding=\"async\" src=\"#\" alt=\"\" \/><br \/>center<br \/>no-repeat;left top;;<br \/>auto<br \/>0 10px 0 10px<\/p>\n<p><img decoding=\"async\" src=\"http:\/\/pellise.com\/wp-content\/uploads\/2021\/05\/flecha-abajo.png\" alt=\"\" \/><br \/>40<br \/>center<\/p>\n<h5>\u00c9TAPE 2<\/h5>\n<p><\/p>\n<h4>STRAT\u00c9GIE<\/h4>\n<p>Les connaissances et la cr\u00e9ativit\u00e9 de notre \u00e9quipe nous permettent de concevoir des plans d\u2019actions innovants qui maximisent les chances d\\&#8217;atteindre les objectifs de nos clients.<br \/>center<br \/>no-repeat;left top;;<br \/>auto<br \/>0 10px 0 10px<\/p>\n<p><img decoding=\"async\" src=\"http:\/\/pellise.com\/wp-content\/uploads\/2021\/05\/flecha-abajo.png\" alt=\"\" \/><br \/>40<br \/>center<\/p>\n<h5>\u00c9TAPE 3<\/h5>\n<p><\/p>\n<h4>MISE EN \u0152UVRE<\/h4>\n<p>PELLIS\u00c9 a une grande exp\u00e9rience dans des questions contractuelles avant de tout conflit ainsi que des questions contentieuses, tant au niveau judiciaire qu\\&#8217;extrajudiciaire.<\/p>\n<p>center<br \/>no-repeat;left top;;<br \/>auto<br \/>0 10px 0 10px<\/p>\n<p>RECOGNITION<\/p>\n<h2>RECONNAISSANCE<\/h2>\n<p><img decoding=\"async\" src=\"https:\/\/pellise.com\/wp-content\/uploads\/2021\/02\/pellise_slider_sep2.png\" alt=\"\" \/><br \/>center<br \/>no-repeat;center top;;<br \/>auto<\/p>\n<p>home<br \/>date<br \/>DESC<\/p>\n<p><a href=\"https:\/\/pellise.com\/fr\/politique-de-confidentialite\/\">Politique de confidentialit\u00e9 | <\/a><a href=\"https:\/\/pellise.com\/fr\/politique-en-matiere-de-cookies\/\"><br \/>\n<br \/>Politique de cookies | <\/a><a href=\"https:\/\/pellise.com\/fr\/mention-legale\/\">Mention L\u00e9gale<\/a><br \/>\n<br \/>\u00a9 2021 Pellis\u00e9. Tous droits r\u00e9serv\u00e9s.<br \/>center<br \/>no-repeat;left top;;<br \/>auto<\/p>\n","protected":false},"excerpt":{"rendered":"<p>no-repeat;left top;;auto Heading + descPellis\u00e9 dispose d\\&#8217;une \u00e9quipe d\\&#8217;avocats hautement sp\u00e9cialis\u00e9s ayant fait leurs preuves en mati\u00e8re de droit de la propri\u00e9t\u00e9 intellectuelle (brevets, marques, dessins<span class=\"excerpt-hellip\"> [\u2026]<\/span><\/p>\n","protected":false},"author":1,"featured_media":0,"parent":0,"menu_order":0,"comment_status":"closed","ping_status":"closed","template":"","meta":{"footnotes":""},"class_list":["post-573","page","type-page","status-publish","hentry"],"yoast_head":"<!-- This site is optimized with the Yoast SEO plugin v27.5 - https:\/\/yoast.com\/product\/yoast-seo-wordpress\/ -->\n<title>Pellis\u00e9 Law firm specialised in intellectual property<\/title>\n<meta name=\"description\" content=\"Pellis\u00e9 Law firm specialised in intelectual property, unfair competition, advertising, competition law and distribution\" \/>\n<meta name=\"robots\" content=\"index, follow, max-snippet:-1, max-image-preview:large, max-video-preview:-1\" \/>\n<link rel=\"canonical\" href=\"https:\/\/pellise.com\/fr\/\" \/>\n<meta property=\"og:locale\" content=\"fr_FR\" \/>\n<meta property=\"og:type\" content=\"article\" \/>\n<meta property=\"og:title\" content=\"Pellis\u00e9 Law firm specialised in intellectual property\" \/>\n<meta property=\"og:description\" content=\"Pellis\u00e9 Law firm specialised in intelectual property, unfair competition, advertising, competition law and distribution\" \/>\n<meta property=\"og:url\" content=\"https:\/\/pellise.com\/fr\/\" \/>\n<meta property=\"og:site_name\" content=\"Pellis\u00e9\" \/>\n<meta property=\"article:modified_time\" content=\"2021-05-28T09:51:27+00:00\" \/>\n<meta property=\"og:image\" content=\"http:\/\/pellise.com\/wp-content\/uploads\/2021\/05\/main-img10-pellise.jpg\" \/>\n<meta name=\"twitter:card\" content=\"summary_large_image\" \/>\n<meta name=\"twitter:label1\" content=\"Est. reading time\" \/>\n\t<meta name=\"twitter:data1\" content=\"2 minutes\" \/>\n<script type=\"application\/ld+json\" class=\"yoast-schema-graph\">{\"@context\":\"https:\\\/\\\/schema.org\",\"@graph\":[{\"@type\":\"WebPage\",\"@id\":\"https:\\\/\\\/pellise.com\\\/fr\\\/\",\"url\":\"https:\\\/\\\/pellise.com\\\/fr\\\/\",\"name\":\"Pellis\u00e9 Law firm specialised in intellectual property\",\"isPartOf\":{\"@id\":\"https:\\\/\\\/pellise.com\\\/#website\"},\"primaryImageOfPage\":{\"@id\":\"https:\\\/\\\/pellise.com\\\/fr\\\/#primaryimage\"},\"image\":{\"@id\":\"https:\\\/\\\/pellise.com\\\/fr\\\/#primaryimage\"},\"thumbnailUrl\":\"http:\\\/\\\/pellise.com\\\/wp-content\\\/uploads\\\/2021\\\/05\\\/main-img10-pellise.jpg\",\"datePublished\":\"2021-05-19T14:51:22+00:00\",\"dateModified\":\"2021-05-28T09:51:27+00:00\",\"description\":\"Pellis\u00e9 Law firm specialised in intelectual property, unfair competition, advertising, competition law and distribution\",\"breadcrumb\":{\"@id\":\"https:\\\/\\\/pellise.com\\\/fr\\\/#breadcrumb\"},\"inLanguage\":\"fr-FR\",\"potentialAction\":[{\"@type\":\"ReadAction\",\"target\":[\"https:\\\/\\\/pellise.com\\\/fr\\\/\"]}]},{\"@type\":\"ImageObject\",\"inLanguage\":\"fr-FR\",\"@id\":\"https:\\\/\\\/pellise.com\\\/fr\\\/#primaryimage\",\"url\":\"http:\\\/\\\/pellise.com\\\/wp-content\\\/uploads\\\/2021\\\/05\\\/main-img10-pellise.jpg\",\"contentUrl\":\"http:\\\/\\\/pellise.com\\\/wp-content\\\/uploads\\\/2021\\\/05\\\/main-img10-pellise.jpg\"},{\"@type\":\"BreadcrumbList\",\"@id\":\"https:\\\/\\\/pellise.com\\\/fr\\\/#breadcrumb\",\"itemListElement\":[{\"@type\":\"ListItem\",\"position\":1,\"name\":\"Portada\",\"item\":\"https:\\\/\\\/pellise.com\\\/fr\\\/\"},{\"@type\":\"ListItem\",\"position\":2,\"name\":\"HOME\"}]},{\"@type\":\"WebSite\",\"@id\":\"https:\\\/\\\/pellise.com\\\/#website\",\"url\":\"https:\\\/\\\/pellise.com\\\/\",\"name\":\"Pellis\u00e9\",\"description\":\"Intellectual Property Boutique since 1955\",\"publisher\":{\"@id\":\"https:\\\/\\\/pellise.com\\\/#organization\"},\"potentialAction\":[{\"@type\":\"SearchAction\",\"target\":{\"@type\":\"EntryPoint\",\"urlTemplate\":\"https:\\\/\\\/pellise.com\\\/?s={search_term_string}\"},\"query-input\":{\"@type\":\"PropertyValueSpecification\",\"valueRequired\":true,\"valueName\":\"search_term_string\"}}],\"inLanguage\":\"fr-FR\"},{\"@type\":\"Organization\",\"@id\":\"https:\\\/\\\/pellise.com\\\/#organization\",\"name\":\"Pellis\u00e9\",\"url\":\"https:\\\/\\\/pellise.com\\\/\",\"logo\":{\"@type\":\"ImageObject\",\"inLanguage\":\"fr-FR\",\"@id\":\"https:\\\/\\\/pellise.com\\\/#\\\/schema\\\/logo\\\/image\\\/\",\"url\":\"https:\\\/\\\/jorgealeix.com\\\/pellise\\\/wp-content\\\/uploads\\\/2021\\\/05\\\/logo-Pellise.jpg\",\"contentUrl\":\"https:\\\/\\\/jorgealeix.com\\\/pellise\\\/wp-content\\\/uploads\\\/2021\\\/05\\\/logo-Pellise.jpg\",\"width\":818,\"height\":326,\"caption\":\"Pellis\u00e9\"},\"image\":{\"@id\":\"https:\\\/\\\/pellise.com\\\/#\\\/schema\\\/logo\\\/image\\\/\"}}]}<\/script>\n<!-- \/ Yoast SEO plugin. -->","yoast_head_json":{"title":"Pellis\u00e9 Law firm specialised in intellectual property","description":"Pellis\u00e9 Law firm specialised in intelectual property, unfair competition, advertising, competition law and distribution","robots":{"index":"index","follow":"follow","max-snippet":"max-snippet:-1","max-image-preview":"max-image-preview:large","max-video-preview":"max-video-preview:-1"},"canonical":"https:\/\/pellise.com\/fr\/","og_locale":"fr_FR","og_type":"article","og_title":"Pellis\u00e9 Law firm specialised in intellectual property","og_description":"Pellis\u00e9 Law firm specialised in intelectual property, unfair competition, advertising, competition law and distribution","og_url":"https:\/\/pellise.com\/fr\/","og_site_name":"Pellis\u00e9","article_modified_time":"2021-05-28T09:51:27+00:00","og_image":[{"url":"http:\/\/pellise.com\/wp-content\/uploads\/2021\/05\/main-img10-pellise.jpg","type":"","width":"","height":""}],"twitter_card":"summary_large_image","twitter_misc":{"Est. reading time":"2 minutes"},"schema":{"@context":"https:\/\/schema.org","@graph":[{"@type":"WebPage","@id":"https:\/\/pellise.com\/fr\/","url":"https:\/\/pellise.com\/fr\/","name":"Pellis\u00e9 Law firm specialised in intellectual property","isPartOf":{"@id":"https:\/\/pellise.com\/#website"},"primaryImageOfPage":{"@id":"https:\/\/pellise.com\/fr\/#primaryimage"},"image":{"@id":"https:\/\/pellise.com\/fr\/#primaryimage"},"thumbnailUrl":"http:\/\/pellise.com\/wp-content\/uploads\/2021\/05\/main-img10-pellise.jpg","datePublished":"2021-05-19T14:51:22+00:00","dateModified":"2021-05-28T09:51:27+00:00","description":"Pellis\u00e9 Law firm specialised in intelectual property, unfair competition, advertising, competition law and distribution","breadcrumb":{"@id":"https:\/\/pellise.com\/fr\/#breadcrumb"},"inLanguage":"fr-FR","potentialAction":[{"@type":"ReadAction","target":["https:\/\/pellise.com\/fr\/"]}]},{"@type":"ImageObject","inLanguage":"fr-FR","@id":"https:\/\/pellise.com\/fr\/#primaryimage","url":"http:\/\/pellise.com\/wp-content\/uploads\/2021\/05\/main-img10-pellise.jpg","contentUrl":"http:\/\/pellise.com\/wp-content\/uploads\/2021\/05\/main-img10-pellise.jpg"},{"@type":"BreadcrumbList","@id":"https:\/\/pellise.com\/fr\/#breadcrumb","itemListElement":[{"@type":"ListItem","position":1,"name":"Portada","item":"https:\/\/pellise.com\/fr\/"},{"@type":"ListItem","position":2,"name":"HOME"}]},{"@type":"WebSite","@id":"https:\/\/pellise.com\/#website","url":"https:\/\/pellise.com\/","name":"Pellis\u00e9","description":"Intellectual Property Boutique since 1955","publisher":{"@id":"https:\/\/pellise.com\/#organization"},"potentialAction":[{"@type":"SearchAction","target":{"@type":"EntryPoint","urlTemplate":"https:\/\/pellise.com\/?s={search_term_string}"},"query-input":{"@type":"PropertyValueSpecification","valueRequired":true,"valueName":"search_term_string"}}],"inLanguage":"fr-FR"},{"@type":"Organization","@id":"https:\/\/pellise.com\/#organization","name":"Pellis\u00e9","url":"https:\/\/pellise.com\/","logo":{"@type":"ImageObject","inLanguage":"fr-FR","@id":"https:\/\/pellise.com\/#\/schema\/logo\/image\/","url":"https:\/\/jorgealeix.com\/pellise\/wp-content\/uploads\/2021\/05\/logo-Pellise.jpg","contentUrl":"https:\/\/jorgealeix.com\/pellise\/wp-content\/uploads\/2021\/05\/logo-Pellise.jpg","width":818,"height":326,"caption":"Pellis\u00e9"},"image":{"@id":"https:\/\/pellise.com\/#\/schema\/logo\/image\/"}}]}},"_links":{"self":[{"href":"https:\/\/pellise.com\/fr\/wp-json\/wp\/v2\/pages\/573","targetHints":{"allow":["GET"]}}],"collection":[{"href":"https:\/\/pellise.com\/fr\/wp-json\/wp\/v2\/pages"}],"about":[{"href":"https:\/\/pellise.com\/fr\/wp-json\/wp\/v2\/types\/page"}],"author":[{"embeddable":true,"href":"https:\/\/pellise.com\/fr\/wp-json\/wp\/v2\/users\/1"}],"replies":[{"embeddable":true,"href":"https:\/\/pellise.com\/fr\/wp-json\/wp\/v2\/comments?post=573"}],"version-history":[{"count":2,"href":"https:\/\/pellise.com\/fr\/wp-json\/wp\/v2\/pages\/573\/revisions"}],"predecessor-version":[{"id":637,"href":"https:\/\/pellise.com\/fr\/wp-json\/wp\/v2\/pages\/573\/revisions\/637"}],"wp:attachment":[{"href":"https:\/\/pellise.com\/fr\/wp-json\/wp\/v2\/media?parent=573"}],"curies":[{"name":"wp","href":"https:\/\/api.w.org\/{rel}","templated":true}]}}