{"id":622,"date":"2021-02-22T05:16:05","date_gmt":"2021-02-22T05:16:05","guid":{"rendered":"https:\/\/pellise.com\/fr\/avis-legal\/"},"modified":"2021-05-28T04:24:07","modified_gmt":"2021-05-28T04:24:07","slug":"mention-legale","status":"publish","type":"page","link":"https:\/\/pellise.com\/fr\/mention-legale\/","title":{"rendered":"MENTION L\u00c9GALE"},"content":{"rendered":"","protected":false},"excerpt":{"rendered":"","protected":false},"author":1,"featured_media":0,"parent":0,"menu_order":0,"comment_status":"closed","ping_status":"closed","template":"","meta":{"footnotes":""},"class_list":["post-622","page","type-page","status-publish","hentry"],"yoast_head":"<!-- This site is optimized with the Yoast SEO plugin v27.4 - https:\/\/yoast.com\/product\/yoast-seo-wordpress\/ -->\n<title>MENTION L\u00c9GALE - Pellis\u00e9<\/title>\n<meta name=\"robots\" content=\"noindex, nofollow\" \/>\n<meta property=\"og:locale\" content=\"fr_FR\" \/>\n<meta property=\"og:type\" content=\"article\" \/>\n<meta property=\"og:title\" content=\"MENTION L\u00c9GALE - Pellis\u00e9\" \/>\n<meta property=\"og:url\" content=\"https:\/\/pellise.com\/fr\/mention-legale\/\" \/>\n<meta property=\"og:site_name\" content=\"Pellis\u00e9\" \/>\n<meta property=\"article:modified_time\" content=\"2021-05-28T04:24:07+00:00\" \/>\n<meta name=\"twitter:card\" content=\"summary_large_image\" \/>\n<script type=\"application\/ld+json\" class=\"yoast-schema-graph\">{\"@context\":\"https:\\\/\\\/schema.org\",\"@graph\":[{\"@type\":\"WebPage\",\"@id\":\"https:\\\/\\\/pellise.com\\\/fr\\\/mention-legale\\\/\",\"url\":\"https:\\\/\\\/pellise.com\\\/fr\\\/mention-legale\\\/\",\"name\":\"MENTION L\u00c9GALE - Pellis\u00e9\",\"isPartOf\":{\"@id\":\"https:\\\/\\\/pellise.com\\\/#website\"},\"datePublished\":\"2021-02-22T05:16:05+00:00\",\"dateModified\":\"2021-05-28T04:24:07+00:00\",\"breadcrumb\":{\"@id\":\"https:\\\/\\\/pellise.com\\\/fr\\\/mention-legale\\\/#breadcrumb\"},\"inLanguage\":\"fr-FR\",\"potentialAction\":[{\"@type\":\"ReadAction\",\"target\":[\"https:\\\/\\\/pellise.com\\\/fr\\\/mention-legale\\\/\"]}]},{\"@type\":\"BreadcrumbList\",\"@id\":\"https:\\\/\\\/pellise.com\\\/fr\\\/mention-legale\\\/#breadcrumb\",\"itemListElement\":[{\"@type\":\"ListItem\",\"position\":1,\"name\":\"Portada\",\"item\":\"https:\\\/\\\/pellise.com\\\/fr\\\/\"},{\"@type\":\"ListItem\",\"position\":2,\"name\":\"MENTION L\u00c9GALE\"}]},{\"@type\":\"WebSite\",\"@id\":\"https:\\\/\\\/pellise.com\\\/#website\",\"url\":\"https:\\\/\\\/pellise.com\\\/\",\"name\":\"Pellis\u00e9\",\"description\":\"Intellectual Property Boutique since 1955\",\"publisher\":{\"@id\":\"https:\\\/\\\/pellise.com\\\/#organization\"},\"potentialAction\":[{\"@type\":\"SearchAction\",\"target\":{\"@type\":\"EntryPoint\",\"urlTemplate\":\"https:\\\/\\\/pellise.com\\\/?s={search_term_string}\"},\"query-input\":{\"@type\":\"PropertyValueSpecification\",\"valueRequired\":true,\"valueName\":\"search_term_string\"}}],\"inLanguage\":\"fr-FR\"},{\"@type\":\"Organization\",\"@id\":\"https:\\\/\\\/pellise.com\\\/#organization\",\"name\":\"Pellis\u00e9\",\"url\":\"https:\\\/\\\/pellise.com\\\/\",\"logo\":{\"@type\":\"ImageObject\",\"inLanguage\":\"fr-FR\",\"@id\":\"https:\\\/\\\/pellise.com\\\/#\\\/schema\\\/logo\\\/image\\\/\",\"url\":\"https:\\\/\\\/jorgealeix.com\\\/pellise\\\/wp-content\\\/uploads\\\/2021\\\/05\\\/logo-Pellise.jpg\",\"contentUrl\":\"https:\\\/\\\/jorgealeix.com\\\/pellise\\\/wp-content\\\/uploads\\\/2021\\\/05\\\/logo-Pellise.jpg\",\"width\":818,\"height\":326,\"caption\":\"Pellis\u00e9\"},\"image\":{\"@id\":\"https:\\\/\\\/pellise.com\\\/#\\\/schema\\\/logo\\\/image\\\/\"}}]}<\/script>\n<!-- \/ Yoast SEO plugin. -->","yoast_head_json":{"title":"MENTION L\u00c9GALE - Pellis\u00e9","robots":{"index":"noindex","follow":"nofollow"},"og_locale":"fr_FR","og_type":"article","og_title":"MENTION L\u00c9GALE - Pellis\u00e9","og_url":"https:\/\/pellise.com\/fr\/mention-legale\/","og_site_name":"Pellis\u00e9","article_modified_time":"2021-05-28T04:24:07+00:00","twitter_card":"summary_large_image","schema":{"@context":"https:\/\/schema.org","@graph":[{"@type":"WebPage","@id":"https:\/\/pellise.com\/fr\/mention-legale\/","url":"https:\/\/pellise.com\/fr\/mention-legale\/","name":"MENTION L\u00c9GALE - Pellis\u00e9","isPartOf":{"@id":"https:\/\/pellise.com\/#website"},"datePublished":"2021-02-22T05:16:05+00:00","dateModified":"2021-05-28T04:24:07+00:00","breadcrumb":{"@id":"https:\/\/pellise.com\/fr\/mention-legale\/#breadcrumb"},"inLanguage":"fr-FR","potentialAction":[{"@type":"ReadAction","target":["https:\/\/pellise.com\/fr\/mention-legale\/"]}]},{"@type":"BreadcrumbList","@id":"https:\/\/pellise.com\/fr\/mention-legale\/#breadcrumb","itemListElement":[{"@type":"ListItem","position":1,"name":"Portada","item":"https:\/\/pellise.com\/fr\/"},{"@type":"ListItem","position":2,"name":"MENTION L\u00c9GALE"}]},{"@type":"WebSite","@id":"https:\/\/pellise.com\/#website","url":"https:\/\/pellise.com\/","name":"Pellis\u00e9","description":"Intellectual Property Boutique since 1955","publisher":{"@id":"https:\/\/pellise.com\/#organization"},"potentialAction":[{"@type":"SearchAction","target":{"@type":"EntryPoint","urlTemplate":"https:\/\/pellise.com\/?s={search_term_string}"},"query-input":{"@type":"PropertyValueSpecification","valueRequired":true,"valueName":"search_term_string"}}],"inLanguage":"fr-FR"},{"@type":"Organization","@id":"https:\/\/pellise.com\/#organization","name":"Pellis\u00e9","url":"https:\/\/pellise.com\/","logo":{"@type":"ImageObject","inLanguage":"fr-FR","@id":"https:\/\/pellise.com\/#\/schema\/logo\/image\/","url":"https:\/\/jorgealeix.com\/pellise\/wp-content\/uploads\/2021\/05\/logo-Pellise.jpg","contentUrl":"https:\/\/jorgealeix.com\/pellise\/wp-content\/uploads\/2021\/05\/logo-Pellise.jpg","width":818,"height":326,"caption":"Pellis\u00e9"},"image":{"@id":"https:\/\/pellise.com\/#\/schema\/logo\/image\/"}}]}},"_links":{"self":[{"href":"https:\/\/pellise.com\/fr\/wp-json\/wp\/v2\/pages\/622","targetHints":{"allow":["GET"]}}],"collection":[{"href":"https:\/\/pellise.com\/fr\/wp-json\/wp\/v2\/pages"}],"about":[{"href":"https:\/\/pellise.com\/fr\/wp-json\/wp\/v2\/types\/page"}],"author":[{"embeddable":true,"href":"https:\/\/pellise.com\/fr\/wp-json\/wp\/v2\/users\/1"}],"replies":[{"embeddable":true,"href":"https:\/\/pellise.com\/fr\/wp-json\/wp\/v2\/comments?post=622"}],"version-history":[{"count":2,"href":"https:\/\/pellise.com\/fr\/wp-json\/wp\/v2\/pages\/622\/revisions"}],"predecessor-version":[{"id":624,"href":"https:\/\/pellise.com\/fr\/wp-json\/wp\/v2\/pages\/622\/revisions\/624"}],"wp:attachment":[{"href":"https:\/\/pellise.com\/fr\/wp-json\/wp\/v2\/media?parent=622"}],"curies":[{"name":"wp","href":"https:\/\/api.w.org\/{rel}","templated":true}]}}